{"id":920,"date":"2026-02-19T04:48:02","date_gmt":"2026-02-19T10:48:02","guid":{"rendered":"https:\/\/cadalococonsucosa.com\/?post_type=product&#038;p=920"},"modified":"2026-05-12T01:08:16","modified_gmt":"2026-05-12T07:08:16","slug":"tote-bag-verde","status":"publish","type":"product","link":"https:\/\/cadalococonsucosa.com\/en\/product\/tote-bag-verde\/","title":{"rendered":"Green Tote Bag"},"content":{"rendered":"<p data-start=\"0\" data-end=\"182\">Tote Bag impermeable, pr\u00e1ctico y vers\u00e1til para acompa\u00f1arte todos los d\u00edas. Su material resistente protege tus pertenencias de la lluvia y del uso diario, manteniendo todo seguro.<\/p>\n<p data-start=\"184\" data-end=\"468\">Su dise\u00f1o amplio y espacioso te permite llevar c\u00f3modamente lo que necesitas para el trabajo, estudio, compras o una salida casual. Adem\u00e1s, cuenta con un bolsillo interno peque\u00f1o, ideal para guardar objetos personales como llaves, celular o billetera y tenerlos siempre a mano.<\/p>\n<p data-start=\"470\" data-end=\"541\" data-is-last-node=\"\" data-is-only-node=\"\">Un bolso sencillo, funcional y c\u00f3modo, perfecto para el uso diario.<\/p>","protected":false},"excerpt":{"rendered":"<p>Este tote bag est\u00e1 hecho con material impermeable, ideal para proteger tus pertenencias en cualquier clima. Cuenta con un bolsillo interno peque\u00f1o, perfecto para guardar llaves, celular o art\u00edculos personales y mantener todo organizado.<\/p>\n<div class=\"qMYqUG_convSearchResultHighlightRoot\">\n<div class=\"relative w-full overflow-visible\">\n<section class=\"text-token-text-primary w-full focus:outline-none [--shadow-height:45px] has-data-writing-block:pointer-events-none has-data-writing-block:-mt-(--shadow-height) has-data-writing-block:pt-(--shadow-height) [&amp;:has([data-writing-block])&gt;*]:pointer-events-auto [content-visibility:auto] supports-[content-visibility:auto]:[contain-intrinsic-size:auto_100lvh] R6Vx5W_threadScrollVars scroll-mb-[calc(var(--scroll-root-safe-area-inset-bottom,0px)+var(--thread-response-height))] scroll-mt-[calc(var(--header-height)+min(200px,max(70px,20svh)))]\" dir=\"auto\" data-turn-id=\"request-WEB:76c1a4be-beed-421a-b557-2586f3ebc5e4-0\" data-turn-id-container=\"request-WEB:76c1a4be-beed-421a-b557-2586f3ebc5e4-0\" data-testid=\"conversation-turn-2\" data-scroll-anchor=\"false\" data-turn=\"assistant\">\n<div class=\"text-base my-auto mx-auto pb-10 [--thread-content-margin:var(--thread-content-margin-xs,calc(var(--spacing)*4))] @w-sm\/main:[--thread-content-margin:var(--thread-content-margin-sm,calc(var(--spacing)*6))] @w-lg\/main:[--thread-content-margin:var(--thread-content-margin-lg,calc(var(--spacing)*16))] px-(--thread-content-margin)\">\n<div class=\"[--thread-content-max-width:40rem] @w-lg\/main:[--thread-content-max-width:48rem] mx-auto max-w-(--thread-content-max-width) flex-1 group\/turn-messages focus-visible:outline-hidden relative flex w-full min-w-0 flex-col agent-turn\">\n<div class=\"flex max-w-full flex-col gap-4 grow\">\n<div class=\"min-h-8 text-message relative flex w-full flex-col items-end gap-2 text-start break-words whitespace-normal outline-none keyboard-focused:focus-ring [.text-message+&amp;]:mt-1\" dir=\"auto\" tabindex=\"0\" data-message-author-role=\"assistant\" data-message-id=\"69fc0e75-f7dc-41e9-9685-ba078af37345\" data-message-model-slug=\"gpt-5-3-mini\" data-turn-start-message=\"true\">\n<div class=\"flex w-full flex-col gap-1 empty:hidden\">\n<div class=\"markdown prose dark:prose-invert wrap-break-word w-full light markdown-new-styling\">\n<p data-start=\"0\" data-end=\"32\" data-is-last-node=\"\" data-is-only-node=\"\">Para personalizarlo, escr\u00edbenos.<\/p>\n<\/div>\n<\/div>\n<\/div>\n<\/div>\n<div class=\"z-0 flex min-h-[46px] justify-start\"><\/div>\n<div class=\"mt-3 w-full empty:hidden\">\n<div class=\"text-center\"><\/div>\n<\/div>\n<\/div>\n<\/div>\n<\/section>\n<div class=\"contents\"><\/div>\n<\/div>\n<\/div>\n<div class=\"pointer-events-none -mt-px h-px translate-y-[calc(var(--scroll-root-safe-area-inset-bottom)-14*var(--spacing))]\" aria-hidden=\"true\"><\/div>\n","protected":false},"featured_media":1083,"comment_status":"open","ping_status":"closed","template":"","meta":{"_uag_custom_page_level_css":"","site-sidebar-layout":"default","site-content-layout":"","ast-site-content-layout":"default","site-content-style":"default","site-sidebar-style":"default","ast-global-header-display":"","ast-banner-title-visibility":"","ast-main-header-display":"","ast-hfb-above-header-display":"","ast-hfb-below-header-display":"","ast-hfb-mobile-header-display":"","site-post-title":"","ast-breadcrumbs-content":"","ast-featured-img":"","footer-sml-layout":"","ast-disable-related-posts":"","theme-transparent-header-meta":"default","adv-header-id-meta":"","stick-header-meta":"","header-above-stick-meta":"","header-main-stick-meta":"","header-below-stick-meta":"","astra-migrate-meta-layouts":"set","ast-page-background-enabled":"default","ast-page-background-meta":{"desktop":{"background-color":"var(--ast-global-color-4)","background-image":"","background-repeat":"repeat","background-position":"center center","background-size":"auto","background-attachment":"scroll","background-type":"","background-media":"","overlay-type":"","overlay-color":"","overlay-opacity":"","overlay-gradient":""},"tablet":{"background-color":"","background-image":"","background-repeat":"repeat","background-position":"center center","background-size":"auto","background-attachment":"scroll","background-type":"","background-media":"","overlay-type":"","overlay-color":"","overlay-opacity":"","overlay-gradient":""},"mobile":{"background-color":"","background-image":"","background-repeat":"repeat","background-position":"center center","background-size":"auto","background-attachment":"scroll","background-type":"","background-media":"","overlay-type":"","overlay-color":"","overlay-opacity":"","overlay-gradient":""}},"ast-content-background-meta":{"desktop":{"background-color":"var(--ast-global-color-5)","background-image":"","background-repeat":"repeat","background-position":"center center","background-size":"auto","background-attachment":"scroll","background-type":"","background-media":"","overlay-type":"","overlay-color":"","overlay-opacity":"","overlay-gradient":""},"tablet":{"background-color":"var(--ast-global-color-5)","background-image":"","background-repeat":"repeat","background-position":"center center","background-size":"auto","background-attachment":"scroll","background-type":"","background-media":"","overlay-type":"","overlay-color":"","overlay-opacity":"","overlay-gradient":""},"mobile":{"background-color":"var(--ast-global-color-5)","background-image":"","background-repeat":"repeat","background-position":"center center","background-size":"auto","background-attachment":"scroll","background-type":"","background-media":"","overlay-type":"","overlay-color":"","overlay-opacity":"","overlay-gradient":""}}},"product_brand":[],"product_cat":[16,60],"product_tag":[],"class_list":{"0":"post-920","1":"product","2":"type-product","3":"status-publish","4":"has-post-thumbnail","6":"product_cat-disenos-exclusivos","7":"product_cat-tote-bags","8":"desktop-align-center","9":"tablet-align-center","10":"mobile-align-center","12":"first","13":"instock","14":"taxable","15":"shipping-taxable","16":"purchasable","17":"product-type-simple"},"aioseo_notices":[],"uagb_featured_image_src":{"full":["https:\/\/cadalococonsucosa.com\/wp-content\/uploads\/2026\/02\/WhatsApp-Image-2026-03-06-at-18.58.39-e1772820368382.jpeg",965,1028,false],"thumbnail":["https:\/\/cadalococonsucosa.com\/wp-content\/uploads\/2026\/02\/WhatsApp-Image-2026-03-06-at-18.58.39-e1772820368382-150x150.jpeg",150,150,true],"medium":["https:\/\/cadalococonsucosa.com\/wp-content\/uploads\/2026\/02\/WhatsApp-Image-2026-03-06-at-18.58.39-e1772820368382-282x300.jpeg",282,300,true],"medium_large":["https:\/\/cadalococonsucosa.com\/wp-content\/uploads\/2026\/02\/WhatsApp-Image-2026-03-06-at-18.58.39-e1772820368382-768x818.jpeg",768,818,true],"large":["https:\/\/cadalococonsucosa.com\/wp-content\/uploads\/2026\/02\/WhatsApp-Image-2026-03-06-at-18.58.39-e1772820368382-961x1024.jpeg",961,1024,true],"1536x1536":["https:\/\/cadalococonsucosa.com\/wp-content\/uploads\/2026\/02\/WhatsApp-Image-2026-03-06-at-18.58.39-e1772820368382.jpeg",965,1028,false],"2048x2048":["https:\/\/cadalococonsucosa.com\/wp-content\/uploads\/2026\/02\/WhatsApp-Image-2026-03-06-at-18.58.39-e1772820368382.jpeg",965,1028,false],"trp-custom-language-flag":["https:\/\/cadalococonsucosa.com\/wp-content\/uploads\/2026\/02\/WhatsApp-Image-2026-03-06-at-18.58.39-e1772820368382.jpeg",11,12,false],"woocommerce_thumbnail":["https:\/\/cadalococonsucosa.com\/wp-content\/uploads\/2026\/02\/WhatsApp-Image-2026-03-06-at-18.58.39-e1772820368382-800x800.jpeg",800,800,true],"woocommerce_single":["https:\/\/cadalococonsucosa.com\/wp-content\/uploads\/2026\/02\/WhatsApp-Image-2026-03-06-at-18.58.39-e1772820368382-500x533.jpeg",500,533,true],"woocommerce_gallery_thumbnail":["https:\/\/cadalococonsucosa.com\/wp-content\/uploads\/2026\/02\/WhatsApp-Image-2026-03-06-at-18.58.39-e1772820368382-100x100.jpeg",100,100,true]},"uagb_author_info":{"display_name":"cadalococonsucosa","author_link":"https:\/\/cadalococonsucosa.com\/en\/author\/"},"uagb_comment_info":0,"uagb_excerpt":"Este tote bag est\u00e1 hecho con material impermeable, ideal para proteger tus pertenencias en cualquier clima. Cuenta con un bolsillo interno peque\u00f1o, perfecto para guardar llaves, celular o art\u00edculos personales y mantener todo organizado. Para personalizarlo, escr\u00edbenos.","_links":{"self":[{"href":"https:\/\/cadalococonsucosa.com\/en\/wp-json\/wp\/v2\/product\/920","targetHints":{"allow":["GET"]}}],"collection":[{"href":"https:\/\/cadalococonsucosa.com\/en\/wp-json\/wp\/v2\/product"}],"about":[{"href":"https:\/\/cadalococonsucosa.com\/en\/wp-json\/wp\/v2\/types\/product"}],"replies":[{"embeddable":true,"href":"https:\/\/cadalococonsucosa.com\/en\/wp-json\/wp\/v2\/comments?post=920"}],"wp:featuredmedia":[{"embeddable":true,"href":"https:\/\/cadalococonsucosa.com\/en\/wp-json\/wp\/v2\/media\/1083"}],"wp:attachment":[{"href":"https:\/\/cadalococonsucosa.com\/en\/wp-json\/wp\/v2\/media?parent=920"}],"wp:term":[{"taxonomy":"product_brand","embeddable":true,"href":"https:\/\/cadalococonsucosa.com\/en\/wp-json\/wp\/v2\/product_brand?post=920"},{"taxonomy":"product_cat","embeddable":true,"href":"https:\/\/cadalococonsucosa.com\/en\/wp-json\/wp\/v2\/product_cat?post=920"},{"taxonomy":"product_tag","embeddable":true,"href":"https:\/\/cadalococonsucosa.com\/en\/wp-json\/wp\/v2\/product_tag?post=920"}],"curies":[{"name":"wp","href":"https:\/\/api.w.org\/{rel}","templated":true}]}}