{"id":1572,"date":"2026-05-12T02:36:10","date_gmt":"2026-05-12T08:36:10","guid":{"rendered":"https:\/\/cadalococonsucosa.com\/?post_type=product&#038;p=1572"},"modified":"2026-05-12T02:46:30","modified_gmt":"2026-05-12T08:46:30","slug":"mochila-doble","status":"publish","type":"product","link":"https:\/\/cadalococonsucosa.com\/en\/product\/mochila-doble\/","title":{"rendered":"Mochila Doble"},"content":{"rendered":"<p data-start=\"0\" data-end=\"245\">Mochila Doble 100% impermeable, dise\u00f1ada para acompa\u00f1arte en el d\u00eda a d\u00eda con resistencia, funcionalidad y estilo. Su material impermeable protege tus pertenencias de la lluvia y la humedad, manteniendo todo seguro en cualquier situaci\u00f3n.<\/p>\n<p data-start=\"247\" data-end=\"475\">Cuenta con una divisi\u00f3n protectora para laptop, ideal para transportar tu computadora de forma segura. Tambi\u00e9n incluye bolsas laterales para botella, perfectas para llevar agua u otros objetos que necesites tener a mano.<\/p>\n<p data-start=\"477\" data-end=\"617\">Sus fajas de cuero para el abrigo a\u00f1aden un detalle pr\u00e1ctico y funcional, permiti\u00e9ndote sujetar una chaqueta u otras prendas f\u00e1cilmente.<\/p>\n<p data-start=\"619\" data-end=\"837\" data-is-last-node=\"\" data-is-only-node=\"\">Con capacidad de hasta 20 kilos, la Mochila Pac\u00edfico ofrece el espacio ideal para trabajo, estudio, viajes o uso diario. Adem\u00e1s, incluye un a\u00f1o de garant\u00eda, asegurando calidad y durabilidad en cada detalle.<\/p>","protected":false},"excerpt":{"rendered":"<p>Impermeable, divisi\u00f3n Protectora para laptop. Bolsillo para botella, fajas para el abrigo. Bolsillo interno para cosas peque\u00f1as. Azas Hergonomicas.<\/p>\n<div class=\"qMYqUG_convSearchResultHighlightRoot\">\n<div class=\"relative w-full overflow-visible\">\n<section class=\"text-token-text-primary w-full focus:outline-none [--shadow-height:45px] has-data-writing-block:pointer-events-none has-data-writing-block:-mt-(--shadow-height) has-data-writing-block:pt-(--shadow-height) [&amp;:has([data-writing-block])&gt;*]:pointer-events-auto [content-visibility:auto] supports-[content-visibility:auto]:[contain-intrinsic-size:auto_100lvh] R6Vx5W_threadScrollVars scroll-mb-[calc(var(--scroll-root-safe-area-inset-bottom,0px)+var(--thread-response-height))] scroll-mt-[calc(var(--header-height)+min(200px,max(70px,20svh)))]\" dir=\"auto\" data-turn-id=\"request-WEB:76c1a4be-beed-421a-b557-2586f3ebc5e4-0\" data-turn-id-container=\"request-WEB:76c1a4be-beed-421a-b557-2586f3ebc5e4-0\" data-testid=\"conversation-turn-2\" data-scroll-anchor=\"false\" data-turn=\"assistant\">\n<div class=\"text-base my-auto mx-auto pb-10 [--thread-content-margin:var(--thread-content-margin-xs,calc(var(--spacing)*4))] @w-sm\/main:[--thread-content-margin:var(--thread-content-margin-sm,calc(var(--spacing)*6))] @w-lg\/main:[--thread-content-margin:var(--thread-content-margin-lg,calc(var(--spacing)*16))] px-(--thread-content-margin)\">\n<div class=\"[--thread-content-max-width:40rem] @w-lg\/main:[--thread-content-max-width:48rem] mx-auto max-w-(--thread-content-max-width) flex-1 group\/turn-messages focus-visible:outline-hidden relative flex w-full min-w-0 flex-col agent-turn\">\n<div class=\"flex max-w-full flex-col gap-4 grow\">\n<div class=\"min-h-8 text-message relative flex w-full flex-col items-end gap-2 text-start break-words whitespace-normal outline-none keyboard-focused:focus-ring [.text-message+&amp;]:mt-1\" dir=\"auto\" tabindex=\"0\" data-message-author-role=\"assistant\" data-message-id=\"69fc0e75-f7dc-41e9-9685-ba078af37345\" data-message-model-slug=\"gpt-5-3-mini\" data-turn-start-message=\"true\">\n<div class=\"flex w-full flex-col gap-1 empty:hidden\">\n<div class=\"markdown prose dark:prose-invert wrap-break-word w-full light markdown-new-styling\">\n<p data-start=\"0\" data-end=\"32\" data-is-last-node=\"\" data-is-only-node=\"\">Para personalizarlo, escr\u00edbenos.<\/p>\n<\/div>\n<\/div>\n<\/div>\n<\/div>\n<div class=\"z-0 flex min-h-[46px] justify-start\"><\/div>\n<div class=\"mt-3 w-full empty:hidden\">\n<div class=\"text-center\"><\/div>\n<\/div>\n<\/div>\n<\/div>\n<\/section>\n<div class=\"contents\"><\/div>\n<\/div>\n<\/div>\n<div class=\"pointer-events-none -mt-px h-px translate-y-[calc(var(--scroll-root-safe-area-inset-bottom)-14*var(--spacing))]\" aria-hidden=\"true\"><\/div>\n","protected":false},"featured_media":1555,"comment_status":"open","ping_status":"closed","template":"","meta":{"_uag_custom_page_level_css":"","site-sidebar-layout":"default","site-content-layout":"","ast-site-content-layout":"default","site-content-style":"default","site-sidebar-style":"default","ast-global-header-display":"","ast-banner-title-visibility":"","ast-main-header-display":"","ast-hfb-above-header-display":"","ast-hfb-below-header-display":"","ast-hfb-mobile-header-display":"","site-post-title":"","ast-breadcrumbs-content":"","ast-featured-img":"","footer-sml-layout":"","ast-disable-related-posts":"","theme-transparent-header-meta":"default","adv-header-id-meta":"","stick-header-meta":"","header-above-stick-meta":"","header-main-stick-meta":"","header-below-stick-meta":"","astra-migrate-meta-layouts":"set","ast-page-background-enabled":"default","ast-page-background-meta":{"desktop":{"background-color":"var(--ast-global-color-4)","background-image":"","background-repeat":"repeat","background-position":"center center","background-size":"auto","background-attachment":"scroll","background-type":"","background-media":"","overlay-type":"","overlay-color":"","overlay-opacity":"","overlay-gradient":""},"tablet":{"background-color":"","background-image":"","background-repeat":"repeat","background-position":"center center","background-size":"auto","background-attachment":"scroll","background-type":"","background-media":"","overlay-type":"","overlay-color":"","overlay-opacity":"","overlay-gradient":""},"mobile":{"background-color":"","background-image":"","background-repeat":"repeat","background-position":"center center","background-size":"auto","background-attachment":"scroll","background-type":"","background-media":"","overlay-type":"","overlay-color":"","overlay-opacity":"","overlay-gradient":""}},"ast-content-background-meta":{"desktop":{"background-color":"var(--ast-global-color-5)","background-image":"","background-repeat":"repeat","background-position":"center center","background-size":"auto","background-attachment":"scroll","background-type":"","background-media":"","overlay-type":"","overlay-color":"","overlay-opacity":"","overlay-gradient":""},"tablet":{"background-color":"var(--ast-global-color-5)","background-image":"","background-repeat":"repeat","background-position":"center center","background-size":"auto","background-attachment":"scroll","background-type":"","background-media":"","overlay-type":"","overlay-color":"","overlay-opacity":"","overlay-gradient":""},"mobile":{"background-color":"var(--ast-global-color-5)","background-image":"","background-repeat":"repeat","background-position":"center center","background-size":"auto","background-attachment":"scroll","background-type":"","background-media":"","overlay-type":"","overlay-color":"","overlay-opacity":"","overlay-gradient":""}}},"product_brand":[],"product_cat":[50,18],"product_tag":[],"class_list":{"0":"post-1572","1":"product","2":"type-product","3":"status-publish","4":"has-post-thumbnail","6":"product_cat-1-los-de-siempre","7":"product_cat-mochilas","8":"desktop-align-center","9":"tablet-align-center","10":"mobile-align-center","12":"first","13":"instock","14":"taxable","15":"shipping-taxable","16":"purchasable","17":"product-type-simple"},"aioseo_notices":[],"uagb_featured_image_src":{"full":["https:\/\/cadalococonsucosa.com\/wp-content\/uploads\/2026\/05\/WhatsApp-Image-2026-05-12-at-09.00.40.jpeg",1080,1350,false],"thumbnail":["https:\/\/cadalococonsucosa.com\/wp-content\/uploads\/2026\/05\/WhatsApp-Image-2026-05-12-at-09.00.40-150x150.jpeg",150,150,true],"medium":["https:\/\/cadalococonsucosa.com\/wp-content\/uploads\/2026\/05\/WhatsApp-Image-2026-05-12-at-09.00.40-240x300.jpeg",240,300,true],"medium_large":["https:\/\/cadalococonsucosa.com\/wp-content\/uploads\/2026\/05\/WhatsApp-Image-2026-05-12-at-09.00.40-768x960.jpeg",768,960,true],"large":["https:\/\/cadalococonsucosa.com\/wp-content\/uploads\/2026\/05\/WhatsApp-Image-2026-05-12-at-09.00.40-819x1024.jpeg",819,1024,true],"1536x1536":["https:\/\/cadalococonsucosa.com\/wp-content\/uploads\/2026\/05\/WhatsApp-Image-2026-05-12-at-09.00.40.jpeg",1080,1350,false],"2048x2048":["https:\/\/cadalococonsucosa.com\/wp-content\/uploads\/2026\/05\/WhatsApp-Image-2026-05-12-at-09.00.40.jpeg",1080,1350,false],"trp-custom-language-flag":["https:\/\/cadalococonsucosa.com\/wp-content\/uploads\/2026\/05\/WhatsApp-Image-2026-05-12-at-09.00.40-10x12.jpeg",10,12,true],"woocommerce_thumbnail":["https:\/\/cadalococonsucosa.com\/wp-content\/uploads\/2026\/05\/WhatsApp-Image-2026-05-12-at-09.00.40-800x800.jpeg",800,800,true],"woocommerce_single":["https:\/\/cadalococonsucosa.com\/wp-content\/uploads\/2026\/05\/WhatsApp-Image-2026-05-12-at-09.00.40-500x625.jpeg",500,625,true],"woocommerce_gallery_thumbnail":["https:\/\/cadalococonsucosa.com\/wp-content\/uploads\/2026\/05\/WhatsApp-Image-2026-05-12-at-09.00.40-100x100.jpeg",100,100,true]},"uagb_author_info":{"display_name":"cadalococonsucosa","author_link":"https:\/\/cadalococonsucosa.com\/en\/author\/"},"uagb_comment_info":0,"uagb_excerpt":"Impermeable, divisi\u00f3n Protectora para laptop. Bolsillo para botella, fajas para el abrigo. Bolsillo interno para cosas peque\u00f1as. Azas Hergonomicas. Para personalizarlo, escr\u00edbenos.","_links":{"self":[{"href":"https:\/\/cadalococonsucosa.com\/en\/wp-json\/wp\/v2\/product\/1572","targetHints":{"allow":["GET"]}}],"collection":[{"href":"https:\/\/cadalococonsucosa.com\/en\/wp-json\/wp\/v2\/product"}],"about":[{"href":"https:\/\/cadalococonsucosa.com\/en\/wp-json\/wp\/v2\/types\/product"}],"replies":[{"embeddable":true,"href":"https:\/\/cadalococonsucosa.com\/en\/wp-json\/wp\/v2\/comments?post=1572"}],"wp:featuredmedia":[{"embeddable":true,"href":"https:\/\/cadalococonsucosa.com\/en\/wp-json\/wp\/v2\/media\/1555"}],"wp:attachment":[{"href":"https:\/\/cadalococonsucosa.com\/en\/wp-json\/wp\/v2\/media?parent=1572"}],"wp:term":[{"taxonomy":"product_brand","embeddable":true,"href":"https:\/\/cadalococonsucosa.com\/en\/wp-json\/wp\/v2\/product_brand?post=1572"},{"taxonomy":"product_cat","embeddable":true,"href":"https:\/\/cadalococonsucosa.com\/en\/wp-json\/wp\/v2\/product_cat?post=1572"},{"taxonomy":"product_tag","embeddable":true,"href":"https:\/\/cadalococonsucosa.com\/en\/wp-json\/wp\/v2\/product_tag?post=1572"}],"curies":[{"name":"wp","href":"https:\/\/api.w.org\/{rel}","templated":true}]}}