{"id":1538,"date":"2026-05-06T05:53:55","date_gmt":"2026-05-06T11:53:55","guid":{"rendered":"https:\/\/cadalococonsucosa.com\/?post_type=product&#038;p=1538"},"modified":"2026-05-06T05:53:55","modified_gmt":"2026-05-06T11:53:55","slug":"mini-album-2","status":"publish","type":"product","link":"https:\/\/cadalococonsucosa.com\/en\/product\/mini-album-2\/","title":{"rendered":"Mini Album"},"content":{"rendered":"<p>Importante: Despu\u00e9s de realizar tu pedido, debes enviar tus fotos al correo cadalococonsucosa.cr@gmail.com o WhatsApp 6390 0863 en un m\u00e1ximo de 12 horas. Si no recibimos las im\u00e1genes en ese plazo, el pedido ser\u00e1 procesado y enviado sin personalizaci\u00f3n.<\/p>","protected":false},"excerpt":{"rendered":"<p>Lleva tus recuerdos a todas partes con nuestro mini \u00e1lbum personalizado de 10 fotos. Compacto, pr\u00e1ctico y perfecto para regalar o conservar tus momentos favoritos en un formato \u00fanico y especial.<\/p>","protected":false},"featured_media":1506,"comment_status":"open","ping_status":"closed","template":"","meta":{"_uag_custom_page_level_css":"","site-sidebar-layout":"default","site-content-layout":"","ast-site-content-layout":"default","site-content-style":"default","site-sidebar-style":"default","ast-global-header-display":"","ast-banner-title-visibility":"","ast-main-header-display":"","ast-hfb-above-header-display":"","ast-hfb-below-header-display":"","ast-hfb-mobile-header-display":"","site-post-title":"","ast-breadcrumbs-content":"","ast-featured-img":"","footer-sml-layout":"","ast-disable-related-posts":"","theme-transparent-header-meta":"default","adv-header-id-meta":"","stick-header-meta":"","header-above-stick-meta":"","header-main-stick-meta":"","header-below-stick-meta":"","astra-migrate-meta-layouts":"set","ast-page-background-enabled":"default","ast-page-background-meta":{"desktop":{"background-color":"var(--ast-global-color-4)","background-image":"","background-repeat":"repeat","background-position":"center center","background-size":"auto","background-attachment":"scroll","background-type":"","background-media":"","overlay-type":"","overlay-color":"","overlay-opacity":"","overlay-gradient":""},"tablet":{"background-color":"","background-image":"","background-repeat":"repeat","background-position":"center center","background-size":"auto","background-attachment":"scroll","background-type":"","background-media":"","overlay-type":"","overlay-color":"","overlay-opacity":"","overlay-gradient":""},"mobile":{"background-color":"","background-image":"","background-repeat":"repeat","background-position":"center center","background-size":"auto","background-attachment":"scroll","background-type":"","background-media":"","overlay-type":"","overlay-color":"","overlay-opacity":"","overlay-gradient":""}},"ast-content-background-meta":{"desktop":{"background-color":"var(--ast-global-color-5)","background-image":"","background-repeat":"repeat","background-position":"center center","background-size":"auto","background-attachment":"scroll","background-type":"","background-media":"","overlay-type":"","overlay-color":"","overlay-opacity":"","overlay-gradient":""},"tablet":{"background-color":"var(--ast-global-color-5)","background-image":"","background-repeat":"repeat","background-position":"center center","background-size":"auto","background-attachment":"scroll","background-type":"","background-media":"","overlay-type":"","overlay-color":"","overlay-opacity":"","overlay-gradient":""},"mobile":{"background-color":"var(--ast-global-color-5)","background-image":"","background-repeat":"repeat","background-position":"center center","background-size":"auto","background-attachment":"scroll","background-type":"","background-media":"","overlay-type":"","overlay-color":"","overlay-opacity":"","overlay-gradient":""}}},"product_brand":[],"product_cat":[59],"product_tag":[],"class_list":{"0":"post-1538","1":"product","2":"type-product","3":"status-publish","4":"has-post-thumbnail","6":"product_cat-llaveros","7":"desktop-align-center","8":"tablet-align-center","9":"mobile-align-center","11":"first","12":"instock","13":"taxable","14":"shipping-taxable","15":"purchasable","16":"product-type-simple"},"aioseo_notices":[],"uagb_featured_image_src":{"full":["https:\/\/cadalococonsucosa.com\/wp-content\/uploads\/2026\/05\/3_20260506_034757_0002.png",1080,1350,false],"thumbnail":["https:\/\/cadalococonsucosa.com\/wp-content\/uploads\/2026\/05\/3_20260506_034757_0002-150x150.png",150,150,true],"medium":["https:\/\/cadalococonsucosa.com\/wp-content\/uploads\/2026\/05\/3_20260506_034757_0002-240x300.png",240,300,true],"medium_large":["https:\/\/cadalococonsucosa.com\/wp-content\/uploads\/2026\/05\/3_20260506_034757_0002-768x960.png",768,960,true],"large":["https:\/\/cadalococonsucosa.com\/wp-content\/uploads\/2026\/05\/3_20260506_034757_0002-819x1024.png",819,1024,true],"1536x1536":["https:\/\/cadalococonsucosa.com\/wp-content\/uploads\/2026\/05\/3_20260506_034757_0002.png",1080,1350,false],"2048x2048":["https:\/\/cadalococonsucosa.com\/wp-content\/uploads\/2026\/05\/3_20260506_034757_0002.png",1080,1350,false],"trp-custom-language-flag":["https:\/\/cadalococonsucosa.com\/wp-content\/uploads\/2026\/05\/3_20260506_034757_0002-10x12.png",10,12,true],"woocommerce_thumbnail":["https:\/\/cadalococonsucosa.com\/wp-content\/uploads\/2026\/05\/3_20260506_034757_0002-800x800.png",800,800,true],"woocommerce_single":["https:\/\/cadalococonsucosa.com\/wp-content\/uploads\/2026\/05\/3_20260506_034757_0002-500x625.png",500,625,true],"woocommerce_gallery_thumbnail":["https:\/\/cadalococonsucosa.com\/wp-content\/uploads\/2026\/05\/3_20260506_034757_0002-100x100.png",100,100,true]},"uagb_author_info":{"display_name":"cadalococonsucosa","author_link":"https:\/\/cadalococonsucosa.com\/en\/author\/"},"uagb_comment_info":0,"uagb_excerpt":"Lleva tus recuerdos a todas partes con nuestro mini \u00e1lbum personalizado de 10 fotos. Compacto, pr\u00e1ctico y perfecto para regalar o conservar tus momentos favoritos en un formato \u00fanico y especial.","_links":{"self":[{"href":"https:\/\/cadalococonsucosa.com\/en\/wp-json\/wp\/v2\/product\/1538","targetHints":{"allow":["GET"]}}],"collection":[{"href":"https:\/\/cadalococonsucosa.com\/en\/wp-json\/wp\/v2\/product"}],"about":[{"href":"https:\/\/cadalococonsucosa.com\/en\/wp-json\/wp\/v2\/types\/product"}],"replies":[{"embeddable":true,"href":"https:\/\/cadalococonsucosa.com\/en\/wp-json\/wp\/v2\/comments?post=1538"}],"wp:featuredmedia":[{"embeddable":true,"href":"https:\/\/cadalococonsucosa.com\/en\/wp-json\/wp\/v2\/media\/1506"}],"wp:attachment":[{"href":"https:\/\/cadalococonsucosa.com\/en\/wp-json\/wp\/v2\/media?parent=1538"}],"wp:term":[{"taxonomy":"product_brand","embeddable":true,"href":"https:\/\/cadalococonsucosa.com\/en\/wp-json\/wp\/v2\/product_brand?post=1538"},{"taxonomy":"product_cat","embeddable":true,"href":"https:\/\/cadalococonsucosa.com\/en\/wp-json\/wp\/v2\/product_cat?post=1538"},{"taxonomy":"product_tag","embeddable":true,"href":"https:\/\/cadalococonsucosa.com\/en\/wp-json\/wp\/v2\/product_tag?post=1538"}],"curies":[{"name":"wp","href":"https:\/\/api.w.org\/{rel}","templated":true}]}}