{"id":1493,"date":"2026-05-06T05:19:16","date_gmt":"2026-05-06T11:19:16","guid":{"rendered":"https:\/\/cadalococonsucosa.com\/?post_type=product&#038;p=1493"},"modified":"2026-05-06T05:23:22","modified_gmt":"2026-05-06T11:23:22","slug":"llavero-corazon-personalizado","status":"publish","type":"product","link":"https:\/\/cadalococonsucosa.com\/en\/product\/llavero-corazon-personalizado\/","title":{"rendered":"Personalized heart-shaped keychain"},"content":{"rendered":"<p>Importante: Despu\u00e9s de realizar tu pedido, debes enviar tus fotos al correo cadalococonsucosa.cr@gmail.com o WhatsApp 6390 0863 en un m\u00e1ximo de 12 horas.<br data-start=\"365\" data-end=\"368\" \/>Si no recibimos las im\u00e1genes en ese plazo, el pedido ser\u00e1 procesado y enviado sin personalizaci\u00f3n.<\/p>","protected":false},"excerpt":{"rendered":"<p data-start=\"250\" data-end=\"466\">Un detalle peque\u00f1o con mucho significado. Llavero en forma de coraz\u00f3n con 4 fotos encapsuladas y selladas en resina para mayor durabilidad. Incluye cajita de regalo, listo para sorprender a alguien especial o llevar tus recuerdos siempre contigo. Perfecto para regalar en cualquier ocasi\u00f3n.<\/p>\n<p data-start=\"250\" data-end=\"466\">","protected":false},"featured_media":1504,"comment_status":"open","ping_status":"closed","template":"","meta":{"_uag_custom_page_level_css":"","site-sidebar-layout":"default","site-content-layout":"","ast-site-content-layout":"default","site-content-style":"default","site-sidebar-style":"default","ast-global-header-display":"","ast-banner-title-visibility":"","ast-main-header-display":"","ast-hfb-above-header-display":"","ast-hfb-below-header-display":"","ast-hfb-mobile-header-display":"","site-post-title":"","ast-breadcrumbs-content":"","ast-featured-img":"","footer-sml-layout":"","ast-disable-related-posts":"","theme-transparent-header-meta":"default","adv-header-id-meta":"","stick-header-meta":"","header-above-stick-meta":"","header-main-stick-meta":"","header-below-stick-meta":"","astra-migrate-meta-layouts":"set","ast-page-background-enabled":"default","ast-page-background-meta":{"desktop":{"background-color":"var(--ast-global-color-4)","background-image":"","background-repeat":"repeat","background-position":"center center","background-size":"auto","background-attachment":"scroll","background-type":"","background-media":"","overlay-type":"","overlay-color":"","overlay-opacity":"","overlay-gradient":""},"tablet":{"background-color":"","background-image":"","background-repeat":"repeat","background-position":"center center","background-size":"auto","background-attachment":"scroll","background-type":"","background-media":"","overlay-type":"","overlay-color":"","overlay-opacity":"","overlay-gradient":""},"mobile":{"background-color":"","background-image":"","background-repeat":"repeat","background-position":"center center","background-size":"auto","background-attachment":"scroll","background-type":"","background-media":"","overlay-type":"","overlay-color":"","overlay-opacity":"","overlay-gradient":""}},"ast-content-background-meta":{"desktop":{"background-color":"var(--ast-global-color-5)","background-image":"","background-repeat":"repeat","background-position":"center center","background-size":"auto","background-attachment":"scroll","background-type":"","background-media":"","overlay-type":"","overlay-color":"","overlay-opacity":"","overlay-gradient":""},"tablet":{"background-color":"var(--ast-global-color-5)","background-image":"","background-repeat":"repeat","background-position":"center center","background-size":"auto","background-attachment":"scroll","background-type":"","background-media":"","overlay-type":"","overlay-color":"","overlay-opacity":"","overlay-gradient":""},"mobile":{"background-color":"var(--ast-global-color-5)","background-image":"","background-repeat":"repeat","background-position":"center center","background-size":"auto","background-attachment":"scroll","background-type":"","background-media":"","overlay-type":"","overlay-color":"","overlay-opacity":"","overlay-gradient":""}}},"product_brand":[],"product_cat":[59],"product_tag":[],"class_list":{"0":"post-1493","1":"product","2":"type-product","3":"status-publish","4":"has-post-thumbnail","6":"product_cat-llaveros","7":"desktop-align-center","8":"tablet-align-center","9":"mobile-align-center","11":"first","12":"instock","13":"taxable","14":"shipping-taxable","15":"purchasable","16":"product-type-simple"},"aioseo_notices":[],"uagb_featured_image_src":{"full":["https:\/\/cadalococonsucosa.com\/wp-content\/uploads\/2026\/05\/2_20260506_034757_0001-e1778066229190.png",974,1215,false],"thumbnail":["https:\/\/cadalococonsucosa.com\/wp-content\/uploads\/2026\/05\/2_20260506_034757_0001-e1778066229190-150x150.png",150,150,true],"medium":["https:\/\/cadalococonsucosa.com\/wp-content\/uploads\/2026\/05\/2_20260506_034757_0001-e1778066229190-240x300.png",240,300,true],"medium_large":["https:\/\/cadalococonsucosa.com\/wp-content\/uploads\/2026\/05\/2_20260506_034757_0001-e1778066229190-768x958.png",768,958,true],"large":["https:\/\/cadalococonsucosa.com\/wp-content\/uploads\/2026\/05\/2_20260506_034757_0001-e1778066229190-821x1024.png",821,1024,true],"1536x1536":["https:\/\/cadalococonsucosa.com\/wp-content\/uploads\/2026\/05\/2_20260506_034757_0001-e1778066229190.png",974,1215,false],"2048x2048":["https:\/\/cadalococonsucosa.com\/wp-content\/uploads\/2026\/05\/2_20260506_034757_0001-e1778066229190.png",974,1215,false],"trp-custom-language-flag":["https:\/\/cadalococonsucosa.com\/wp-content\/uploads\/2026\/05\/2_20260506_034757_0001-e1778066229190-10x12.png",10,12,true],"woocommerce_thumbnail":["https:\/\/cadalococonsucosa.com\/wp-content\/uploads\/2026\/05\/2_20260506_034757_0001-e1778066229190-800x800.png",800,800,true],"woocommerce_single":["https:\/\/cadalococonsucosa.com\/wp-content\/uploads\/2026\/05\/2_20260506_034757_0001-e1778066229190-500x624.png",500,624,true],"woocommerce_gallery_thumbnail":["https:\/\/cadalococonsucosa.com\/wp-content\/uploads\/2026\/05\/2_20260506_034757_0001-e1778066229190-100x100.png",100,100,true]},"uagb_author_info":{"display_name":"cadalococonsucosa","author_link":"https:\/\/cadalococonsucosa.com\/en\/author\/"},"uagb_comment_info":0,"uagb_excerpt":"Un detalle peque\u00f1o con mucho significado. Llavero en forma de coraz\u00f3n con 4 fotos encapsuladas y selladas en resina para mayor durabilidad. Incluye cajita de regalo, listo para sorprender a alguien especial o llevar tus recuerdos siempre contigo. Perfecto para regalar en cualquier ocasi\u00f3n.","_links":{"self":[{"href":"https:\/\/cadalococonsucosa.com\/en\/wp-json\/wp\/v2\/product\/1493","targetHints":{"allow":["GET"]}}],"collection":[{"href":"https:\/\/cadalococonsucosa.com\/en\/wp-json\/wp\/v2\/product"}],"about":[{"href":"https:\/\/cadalococonsucosa.com\/en\/wp-json\/wp\/v2\/types\/product"}],"replies":[{"embeddable":true,"href":"https:\/\/cadalococonsucosa.com\/en\/wp-json\/wp\/v2\/comments?post=1493"}],"wp:featuredmedia":[{"embeddable":true,"href":"https:\/\/cadalococonsucosa.com\/en\/wp-json\/wp\/v2\/media\/1504"}],"wp:attachment":[{"href":"https:\/\/cadalococonsucosa.com\/en\/wp-json\/wp\/v2\/media?parent=1493"}],"wp:term":[{"taxonomy":"product_brand","embeddable":true,"href":"https:\/\/cadalococonsucosa.com\/en\/wp-json\/wp\/v2\/product_brand?post=1493"},{"taxonomy":"product_cat","embeddable":true,"href":"https:\/\/cadalococonsucosa.com\/en\/wp-json\/wp\/v2\/product_cat?post=1493"},{"taxonomy":"product_tag","embeddable":true,"href":"https:\/\/cadalococonsucosa.com\/en\/wp-json\/wp\/v2\/product_tag?post=1493"}],"curies":[{"name":"wp","href":"https:\/\/api.w.org\/{rel}","templated":true}]}}