{"id":3,"date":"2026-01-12T06:50:18","date_gmt":"2026-01-12T06:50:18","guid":{"rendered":"http:\/\/cadalococonsucosa.com\/?page_id=3"},"modified":"2026-05-11T23:56:58","modified_gmt":"2026-05-12T05:56:58","slug":"privacy-policy","status":"publish","type":"page","link":"https:\/\/cadalococonsucosa.com\/en\/privacy-policy\/","title":{"rendered":"Privacy Policy"},"content":{"rendered":"<h2 class=\"wp-block-heading has-medium-font-size\">About Us<\/h2>\n\n\n\n<p>Our website address is: <strong><a href=\"http:\/\/cadalococonsucosa.com\/en\/\">http:\/\/cadalococonsucosa.com<\/a><\/strong>.<\/p>\n\n\n\n<p>At Cada Loco con su Cosa, we are committed to protecting the privacy and personal information of our users and customers.<\/p>\n\n\n\n<h2 class=\"wp-block-heading has-medium-font-size\">Comments<\/h2>\n\n\n\n<p>When visitors leave comments on the site, we collect the data shown in the comments form, as well as the visitor\u2019s IP address and browser user agent string to help with spam detection.<\/p>\n\n\n\n<p>An anonymized string created from your email address (also called a hash) may also be provided to the service. <strong>Gravatar<\/strong> to check if you are using it. The Gravatar service privacy policy is available here: <a href=\"https:\/\/automattic.com\/privacy\/\">https:\/\/automattic.com\/privacy\/<\/a>.<br>Una vez aprobado tu comentario, tu foto de perfil ser\u00e1 visible p\u00fablicamente en el contexto de tu comentario.<\/p>\n\n\n\n<h2 class=\"wp-block-heading has-medium-font-size\">Medios<\/h2>\n\n\n\n<p>If you upload images to the website, you should avoid uploading images that include embedded location data (EXIF GPS). Visitors to the website may download and extract any location data from images posted on the site.<\/p>\n\n\n\n<h2 class=\"wp-block-heading has-medium-font-size\">Cookies<\/h2>\n\n\n\n<p>If you leave a comment on our site, you may choose to save your name, email address, and website in cookies. This is for your convenience, so you do not have to re-enter your details when leaving another comment. These cookies will last for... <strong>one year<\/strong>.<\/p>\n\n\n\n<p>If you visit our login page, we will set a temporary cookie to check whether your browser accepts cookies. This cookie does not contain any personal data and is deleted when you close your browser.<\/p>\n\n\n\n<p>When you log in, we will also set up several cookies to save your login information and your screen display preferences. Login cookies last for... <strong>two days<\/strong>\u2026and screen options cookies last for <strong>one year<\/strong>If you select \u201cRemember Me,\u201d your login session will remain active for <strong>two weeks<\/strong>If you log out of your account, the login cookies will be removed.<\/p>\n\n\n\n<p>If you edit or publish an article, an additional cookie will be saved in your browser. This cookie does not include any personal data and simply indicates the ID of the article you just edited. It expires after <strong>one day<\/strong>.<\/p>\n\n\n\n<h2 class=\"wp-block-heading has-medium-font-size\">Embedded content from other websites<\/h2>\n\n\n\n<p>Los art\u00edculos de este sitio pueden incluir contenido incrustado (por ejemplo: videos, im\u00e1genes o art\u00edculos). El contenido incrustado de otros sitios web se comporta exactamente de la misma forma que si el visitante hubiera visitado ese otro sitio web.<\/p>\n\n\n\n<p>These websites may collect data about you, use cookies, embed additional third-party tracking, and monitor your interaction with that embedded content, including tracking your interaction if you have an account and are logged in to that website.<\/p>\n\n\n\n<h2 class=\"wp-block-heading has-medium-font-size\">Who we share your data with<\/h2>\n\n\n\n<p>If you request a password reset, your IP address will be included in the reset email.<\/p>\n\n\n\n<h2 class=\"wp-block-heading has-medium-font-size\">How long we retain your data<\/h2>\n\n\n\n<p>If you leave a comment, the comment and its metadata are retained <strong>indefinitely<\/strong>This allows us to automatically recognize and approve follow-up comments instead of holding them in a moderation queue.<\/p>\n\n\n\n<p>For users who register on our website (if any), we also store the personal information they provide in their user profile. All users can see, edit, or delete their personal information at any time (except for changing their username). Website administrators can also view and edit that information.<\/p>\n\n\n\n<h2 class=\"wp-block-heading has-medium-font-size\">Qu\u00e9 derechos tienes sobre tus datos<\/h2>\n\n\n\n<p>If you have an account on this site or have left comments, you can request to receive an exported file of the personal data we hold about you, including any data you have provided to us.<\/p>\n\n\n\n<p>You can also request that we erase any personal data we hold about you. This does not include any data we are required to keep for administrative, legal, or security purposes.<\/p>\n\n\n\n<h2 class=\"wp-block-heading has-medium-font-size\">Where your data is sent<\/h2>\n\n\n\n<p>Visitor comments may be checked through an automated spam detection service.<\/p>\n\n\n\n<p><\/p>","protected":false},"excerpt":{"rendered":"<p>Qui\u00e9nes somos La direcci\u00f3n de nuestro sitio web es: http:\/\/cadalococonsucosa.com. En Cada Loco con su Cosa nos comprometemos a proteger [&hellip;]<\/p>\n","protected":false},"author":1,"featured_media":0,"parent":0,"menu_order":0,"comment_status":"closed","ping_status":"open","template":"","meta":{"_uag_custom_page_level_css":"","site-sidebar-layout":"default","site-content-layout":"","ast-site-content-layout":"default","site-content-style":"default","site-sidebar-style":"default","ast-global-header-display":"","ast-banner-title-visibility":"","ast-main-header-display":"","ast-hfb-above-header-display":"","ast-hfb-below-header-display":"","ast-hfb-mobile-header-display":"","site-post-title":"","ast-breadcrumbs-content":"","ast-featured-img":"","footer-sml-layout":"","ast-disable-related-posts":"","theme-transparent-header-meta":"","adv-header-id-meta":"","stick-header-meta":"","header-above-stick-meta":"","header-main-stick-meta":"","header-below-stick-meta":"","astra-migrate-meta-layouts":"default","ast-page-background-enabled":"default","ast-page-background-meta":{"desktop":{"background-color":"var(--ast-global-color-4)","background-image":"","background-repeat":"repeat","background-position":"center center","background-size":"auto","background-attachment":"scroll","background-type":"","background-media":"","overlay-type":"","overlay-color":"","overlay-opacity":"","overlay-gradient":""},"tablet":{"background-color":"","background-image":"","background-repeat":"repeat","background-position":"center center","background-size":"auto","background-attachment":"scroll","background-type":"","background-media":"","overlay-type":"","overlay-color":"","overlay-opacity":"","overlay-gradient":""},"mobile":{"background-color":"","background-image":"","background-repeat":"repeat","background-position":"center center","background-size":"auto","background-attachment":"scroll","background-type":"","background-media":"","overlay-type":"","overlay-color":"","overlay-opacity":"","overlay-gradient":""}},"ast-content-background-meta":{"desktop":{"background-color":"var(--ast-global-color-5)","background-image":"","background-repeat":"repeat","background-position":"center center","background-size":"auto","background-attachment":"scroll","background-type":"","background-media":"","overlay-type":"","overlay-color":"","overlay-opacity":"","overlay-gradient":""},"tablet":{"background-color":"var(--ast-global-color-5)","background-image":"","background-repeat":"repeat","background-position":"center center","background-size":"auto","background-attachment":"scroll","background-type":"","background-media":"","overlay-type":"","overlay-color":"","overlay-opacity":"","overlay-gradient":""},"mobile":{"background-color":"var(--ast-global-color-5)","background-image":"","background-repeat":"repeat","background-position":"center center","background-size":"auto","background-attachment":"scroll","background-type":"","background-media":"","overlay-type":"","overlay-color":"","overlay-opacity":"","overlay-gradient":""}},"footnotes":""},"class_list":["post-3","page","type-page","status-publish","hentry"],"aioseo_notices":[],"uagb_featured_image_src":{"full":false,"thumbnail":false,"medium":false,"medium_large":false,"large":false,"1536x1536":false,"2048x2048":false,"trp-custom-language-flag":false,"woocommerce_thumbnail":false,"woocommerce_single":false,"woocommerce_gallery_thumbnail":false},"uagb_author_info":{"display_name":"cadalococonsucosa","author_link":"https:\/\/cadalococonsucosa.com\/en\/author\/cadalococonsucosa-crgmail-com\/"},"uagb_comment_info":0,"uagb_excerpt":"Qui\u00e9nes somos La direcci\u00f3n de nuestro sitio web es: http:\/\/cadalococonsucosa.com. En Cada Loco con su Cosa nos comprometemos a proteger [&hellip;]","_links":{"self":[{"href":"https:\/\/cadalococonsucosa.com\/en\/wp-json\/wp\/v2\/pages\/3","targetHints":{"allow":["GET"]}}],"collection":[{"href":"https:\/\/cadalococonsucosa.com\/en\/wp-json\/wp\/v2\/pages"}],"about":[{"href":"https:\/\/cadalococonsucosa.com\/en\/wp-json\/wp\/v2\/types\/page"}],"author":[{"embeddable":true,"href":"https:\/\/cadalococonsucosa.com\/en\/wp-json\/wp\/v2\/users\/1"}],"replies":[{"embeddable":true,"href":"https:\/\/cadalococonsucosa.com\/en\/wp-json\/wp\/v2\/comments?post=3"}],"version-history":[{"count":4,"href":"https:\/\/cadalococonsucosa.com\/en\/wp-json\/wp\/v2\/pages\/3\/revisions"}],"predecessor-version":[{"id":1552,"href":"https:\/\/cadalococonsucosa.com\/en\/wp-json\/wp\/v2\/pages\/3\/revisions\/1552"}],"wp:attachment":[{"href":"https:\/\/cadalococonsucosa.com\/en\/wp-json\/wp\/v2\/media?parent=3"}],"curies":[{"name":"wp","href":"https:\/\/api.w.org\/{rel}","templated":true}]}}